{"id":18392,"date":"2021-01-10T14:10:31","date_gmt":"2021-01-10T13:10:31","guid":{"rendered":"https:\/\/www.pasovi-verona.si\/?post_type=product&#038;p=18392"},"modified":"2023-12-16T09:25:08","modified_gmt":"2023-12-16T08:25:08","slug":"usnjeni-klobuk-rjavi-n","status":"publish","type":"product","link":"https:\/\/www.pasovi-verona.si\/en\/izdelek\/usnjeni-klobuk-rjavi-n\/","title":{"rendered":"Usnjeni klobuk &#8211; rjavi N"},"content":{"rendered":"<p>Dobrodo\u0161li v dr\u017eavi, kjer se za\u010dnejo sanje, kjer se vsako jutro zasli\u0161i krik belega kakaduja, kenguruji pa se pomladijo v \u017eivahne \u017earke oran\u017enega son\u010dnega zahoda.<\/p>\n<p>Neskon\u010dna obzorja, gost tropski de\u017eevni gozd, rde\u010da, suha zemlja in s soncem obsijana obala, ki se razteza tako dale\u010d, da se\u017ee pogled.<\/p>\n","protected":false},"excerpt":{"rendered":"<p>Dobrodo\u0161li v dr\u017eavi, kjer se za\u010dnejo sanje, kjer se vsako jutro zasli\u0161i krik belega kakaduja, kenguruji pa se pomladijo v \u017eivahne \u017earke oran\u017enega son\u010dnega zahoda&#8230;.<\/p>\n","protected":false},"featured_media":18541,"comment_status":"open","ping_status":"closed","template":"","meta":{"_seopress_robots_primary_cat":"","_seopress_titles_title":"","_seopress_titles_desc":"","_seopress_robots_index":""},"etheme_brands":[],"product_brand":[],"product_cat":[198],"product_tag":[],"class_list":{"0":"post-18392","1":"product","2":"type-product","3":"status-publish","4":"has-post-thumbnail","6":"product_cat-belt-bag","8":"first","9":"instock","10":"shipping-taxable","11":"purchasable","12":"product-type-simple"},"_links":{"self":[{"href":"https:\/\/www.pasovi-verona.si\/en\/wp-json\/wp\/v2\/product\/18392","targetHints":{"allow":["GET"]}}],"collection":[{"href":"https:\/\/www.pasovi-verona.si\/en\/wp-json\/wp\/v2\/product"}],"about":[{"href":"https:\/\/www.pasovi-verona.si\/en\/wp-json\/wp\/v2\/types\/product"}],"replies":[{"embeddable":true,"href":"https:\/\/www.pasovi-verona.si\/en\/wp-json\/wp\/v2\/comments?post=18392"}],"wp:featuredmedia":[{"embeddable":true,"href":"https:\/\/www.pasovi-verona.si\/en\/wp-json\/wp\/v2\/media\/18541"}],"wp:attachment":[{"href":"https:\/\/www.pasovi-verona.si\/en\/wp-json\/wp\/v2\/media?parent=18392"}],"wp:term":[{"taxonomy":"brand","embeddable":true,"href":"https:\/\/www.pasovi-verona.si\/en\/wp-json\/wp\/v2\/etheme_brands?post=18392"},{"taxonomy":"product_brand","embeddable":true,"href":"https:\/\/www.pasovi-verona.si\/en\/wp-json\/wp\/v2\/product_brand?post=18392"},{"taxonomy":"product_cat","embeddable":true,"href":"https:\/\/www.pasovi-verona.si\/en\/wp-json\/wp\/v2\/product_cat?post=18392"},{"taxonomy":"product_tag","embeddable":true,"href":"https:\/\/www.pasovi-verona.si\/en\/wp-json\/wp\/v2\/product_tag?post=18392"}],"curies":[{"name":"wp","href":"https:\/\/api.w.org\/{rel}","templated":true}]}}