{"id":18345,"date":"2021-01-10T10:56:13","date_gmt":"2021-01-10T09:56:13","guid":{"rendered":"https:\/\/www.pasovi-verona.si\/?post_type=product&#038;p=18345"},"modified":"2024-05-21T09:14:00","modified_gmt":"2024-05-21T07:14:00","slug":"country-klobucevina","status":"publish","type":"product","link":"https:\/\/www.pasovi-verona.si\/en\/izdelek\/country-klobucevina\/","title":{"rendered":"Country klobuk iz klobu\u010devine"},"content":{"rendered":"<p>Vrhunski klobuk iz zahodnega klobu\u010devine, trak za kapo, okra\u0161en z majhno zaponko, notranji del iz usnja.\u00a0Popoln klobuk za zahodnjake.<\/p>\n<p>&nbsp;<\/p>\n","protected":false},"excerpt":{"rendered":"<p>Vrhunski klobuk iz zahodnega klobu\u010devine, trak za kapo, okra\u0161en z majhno zaponko, notranji del iz usnja.\u00a0Popoln klobuk za zahodnjake. &nbsp;<\/p>\n","protected":false},"featured_media":18539,"comment_status":"open","ping_status":"closed","template":"","meta":{"_seopress_robots_primary_cat":"none","_seopress_titles_title":"","_seopress_titles_desc":"","_seopress_robots_index":""},"etheme_brands":[],"product_brand":[],"product_cat":[548],"product_tag":[],"class_list":{"0":"post-18345","1":"product","2":"type-product","3":"status-publish","4":"has-post-thumbnail","6":"product_cat-country-klobuki","8":"first","9":"instock","10":"shipping-taxable","11":"purchasable","12":"product-type-variable"},"_links":{"self":[{"href":"https:\/\/www.pasovi-verona.si\/en\/wp-json\/wp\/v2\/product\/18345","targetHints":{"allow":["GET"]}}],"collection":[{"href":"https:\/\/www.pasovi-verona.si\/en\/wp-json\/wp\/v2\/product"}],"about":[{"href":"https:\/\/www.pasovi-verona.si\/en\/wp-json\/wp\/v2\/types\/product"}],"replies":[{"embeddable":true,"href":"https:\/\/www.pasovi-verona.si\/en\/wp-json\/wp\/v2\/comments?post=18345"}],"wp:featuredmedia":[{"embeddable":true,"href":"https:\/\/www.pasovi-verona.si\/en\/wp-json\/wp\/v2\/media\/18539"}],"wp:attachment":[{"href":"https:\/\/www.pasovi-verona.si\/en\/wp-json\/wp\/v2\/media?parent=18345"}],"wp:term":[{"taxonomy":"brand","embeddable":true,"href":"https:\/\/www.pasovi-verona.si\/en\/wp-json\/wp\/v2\/etheme_brands?post=18345"},{"taxonomy":"product_brand","embeddable":true,"href":"https:\/\/www.pasovi-verona.si\/en\/wp-json\/wp\/v2\/product_brand?post=18345"},{"taxonomy":"product_cat","embeddable":true,"href":"https:\/\/www.pasovi-verona.si\/en\/wp-json\/wp\/v2\/product_cat?post=18345"},{"taxonomy":"product_tag","embeddable":true,"href":"https:\/\/www.pasovi-verona.si\/en\/wp-json\/wp\/v2\/product_tag?post=18345"}],"curies":[{"name":"wp","href":"https:\/\/api.w.org\/{rel}","templated":true}]}}