{"id":18330,"date":"2021-01-10T10:00:58","date_gmt":"2021-01-10T09:00:58","guid":{"rendered":"https:\/\/www.pasovi-verona.si\/?post_type=product&#038;p=18330"},"modified":"2025-03-01T02:35:47","modified_gmt":"2025-03-01T01:35:47","slug":"country-klobuk-bivol","status":"publish","type":"product","link":"https:\/\/www.pasovi-verona.si\/en\/izdelek\/country-klobuk-bivol\/","title":{"rendered":"Country klobuk -bivol"},"content":{"rendered":"<p>Oblikovalen zahodni slamnati klobuk z zanimivo barvo in okrasnim trakom.\u00a0Z elasti\u010dnim notranjim trakom.<\/p>\n<p>Slamnati klobuk je sicer uporabljen in zasnovan za za\u0161\u010dito glave pred soncem, danes pa se nosi veliko bolj kot modno obla\u010dilo.\u00a0Slamnati klobuki so vtkani v \u0161tevilne razli\u010dne modele,<\/p>\n<p>&nbsp;<\/p>\n","protected":false},"excerpt":{"rendered":"<p>Oblikovalen zahodni slamnati klobuk z zanimivo barvo in okrasnim trakom.\u00a0Z elasti\u010dnim notranjim trakom. Slamnati klobuk je sicer uporabljen in zasnovan za za\u0161\u010dito glave pred soncem,&#8230;<\/p>\n","protected":false},"featured_media":18537,"comment_status":"open","ping_status":"closed","template":"","meta":{"_seopress_robots_primary_cat":"none","_seopress_titles_title":"","_seopress_titles_desc":"","_seopress_robots_index":""},"etheme_brands":[],"product_brand":[],"product_cat":[548],"product_tag":[],"class_list":{"0":"post-18330","1":"product","2":"type-product","3":"status-publish","4":"has-post-thumbnail","6":"product_cat-country-klobuki","8":"first","9":"instock","10":"shipping-taxable","11":"purchasable","12":"product-type-variable"},"_links":{"self":[{"href":"https:\/\/www.pasovi-verona.si\/en\/wp-json\/wp\/v2\/product\/18330","targetHints":{"allow":["GET"]}}],"collection":[{"href":"https:\/\/www.pasovi-verona.si\/en\/wp-json\/wp\/v2\/product"}],"about":[{"href":"https:\/\/www.pasovi-verona.si\/en\/wp-json\/wp\/v2\/types\/product"}],"replies":[{"embeddable":true,"href":"https:\/\/www.pasovi-verona.si\/en\/wp-json\/wp\/v2\/comments?post=18330"}],"wp:featuredmedia":[{"embeddable":true,"href":"https:\/\/www.pasovi-verona.si\/en\/wp-json\/wp\/v2\/media\/18537"}],"wp:attachment":[{"href":"https:\/\/www.pasovi-verona.si\/en\/wp-json\/wp\/v2\/media?parent=18330"}],"wp:term":[{"taxonomy":"brand","embeddable":true,"href":"https:\/\/www.pasovi-verona.si\/en\/wp-json\/wp\/v2\/etheme_brands?post=18330"},{"taxonomy":"product_brand","embeddable":true,"href":"https:\/\/www.pasovi-verona.si\/en\/wp-json\/wp\/v2\/product_brand?post=18330"},{"taxonomy":"product_cat","embeddable":true,"href":"https:\/\/www.pasovi-verona.si\/en\/wp-json\/wp\/v2\/product_cat?post=18330"},{"taxonomy":"product_tag","embeddable":true,"href":"https:\/\/www.pasovi-verona.si\/en\/wp-json\/wp\/v2\/product_tag?post=18330"}],"curies":[{"name":"wp","href":"https:\/\/api.w.org\/{rel}","templated":true}]}}