{"id":17968,"date":"2020-01-04T00:45:35","date_gmt":"2020-01-03T23:45:35","guid":{"rendered":"https:\/\/www.pasovi-verona.si\/?post_type=product&#038;p=17968"},"modified":"2025-02-21T14:46:46","modified_gmt":"2025-02-21T13:46:46","slug":"western-pas-rc33","status":"publish","type":"product","link":"https:\/\/www.pasovi-verona.si\/en\/izdelek\/western-pas-rc33\/","title":{"rendered":"Western pas RD9"},"content":{"rendered":"<p><span style=\"vertical-align: inherit\"><span style=\"vertical-align: inherit\">Pasovi so izdelani v Sloveniji.<\/span><\/span><\/p>\n<p><span style=\"vertical-align: inherit\"><span style=\"vertical-align: inherit\">\u010cudovit\u00a0 <\/span><\/span><b><span style=\"vertical-align: inherit\"><span style=\"vertical-align: inherit\">western pas<\/span><\/span><\/b><span style=\"vertical-align: inherit\"><span style=\"vertical-align: inherit\"> iz pravega usnja. Diskretno reliefni cvetovi.<\/span><\/span><\/p>\n<p><span style=\"vertical-align: inherit\"><span style=\"vertical-align: inherit\">Western pasu ne morete nositi samo za western jahanje in ples na liniji, ampak tudi za prosti \u010das.<\/span><\/span><\/p>\n<p><span style=\"vertical-align: inherit\"><span style=\"vertical-align: inherit\">Primeren je za \u017eenske, mo\u0161ke in otroke.<\/span><\/span><\/p>\n<p><strong><span style=\"vertical-align: inherit\"><span style=\"vertical-align: inherit\">Western pasovi se merijo od konca traku na strani zaponke do sredi\u0161\u010da srednje luknje.\u00a0<\/span><\/span><\/strong><\/p>\n<p><span style=\"vertical-align: inherit\"><span style=\"vertical-align: inherit\">Pas vam izdelamo na mero. V opombe le vpi\u0161ite \u017eeleno dol\u017eno pasu.<\/span><\/span><\/p>\n<p><span style=\"vertical-align: inherit\"><span style=\"vertical-align: inherit\">Za kraj\u0161anje doma potrebujete \u0161karje, luknja\u010d ter izvija\u010d.<\/span><\/span><\/p>\n<p><span style=\"text-decoration: underline;background-color: #ffffff;color: #ff0000;font-size: 24px\"><strong><span style=\"vertical-align: inherit\"><span style=\"vertical-align: inherit\">Cena je brez zaponke!!!!!<\/span><\/span><\/strong><\/span><\/p>\n<p><strong><a href=\"\/?product_cat=western-buckles\"><span style=\"vertical-align: inherit\"><span style=\"vertical-align: inherit\">Kliknite tukaj za izbiro zaponke <\/span><\/span><\/a><br \/>\n<a href=\"https:\/\/www.pasovi-verona.si\/kako-pomerimo-pas\/\"><span style=\"vertical-align: inherit\"><span style=\"vertical-align: inherit\">Kliknite tukaj, da vidite kako izmeriti pas<\/span><\/span><\/a><\/strong><\/p>\n","protected":false},"excerpt":{"rendered":"<p>Pasovi so izdelani v Sloveniji. \u010cudovit\u00a0 western pas iz pravega usnja. Diskretno reliefni cvetovi. Western pasu ne morete nositi samo za western jahanje in ples&#8230;<\/p>\n","protected":false},"featured_media":19804,"comment_status":"open","ping_status":"closed","template":"","meta":{"_seopress_robots_primary_cat":"none","_seopress_titles_title":"","_seopress_titles_desc":"","_seopress_robots_index":""},"etheme_brands":[],"product_brand":[],"product_cat":[708,540],"product_tag":[],"class_list":{"0":"post-17968","1":"product","2":"type-product","3":"status-publish","4":"has-post-thumbnail","6":"product_cat-z-razlicnimi-dodatki","7":"product_cat-z-motivom-roz-2","9":"first","10":"instock","11":"shipping-taxable","12":"purchasable","13":"product-type-variable"},"_links":{"self":[{"href":"https:\/\/www.pasovi-verona.si\/en\/wp-json\/wp\/v2\/product\/17968","targetHints":{"allow":["GET"]}}],"collection":[{"href":"https:\/\/www.pasovi-verona.si\/en\/wp-json\/wp\/v2\/product"}],"about":[{"href":"https:\/\/www.pasovi-verona.si\/en\/wp-json\/wp\/v2\/types\/product"}],"replies":[{"embeddable":true,"href":"https:\/\/www.pasovi-verona.si\/en\/wp-json\/wp\/v2\/comments?post=17968"}],"wp:featuredmedia":[{"embeddable":true,"href":"https:\/\/www.pasovi-verona.si\/en\/wp-json\/wp\/v2\/media\/19804"}],"wp:attachment":[{"href":"https:\/\/www.pasovi-verona.si\/en\/wp-json\/wp\/v2\/media?parent=17968"}],"wp:term":[{"taxonomy":"brand","embeddable":true,"href":"https:\/\/www.pasovi-verona.si\/en\/wp-json\/wp\/v2\/etheme_brands?post=17968"},{"taxonomy":"product_brand","embeddable":true,"href":"https:\/\/www.pasovi-verona.si\/en\/wp-json\/wp\/v2\/product_brand?post=17968"},{"taxonomy":"product_cat","embeddable":true,"href":"https:\/\/www.pasovi-verona.si\/en\/wp-json\/wp\/v2\/product_cat?post=17968"},{"taxonomy":"product_tag","embeddable":true,"href":"https:\/\/www.pasovi-verona.si\/en\/wp-json\/wp\/v2\/product_tag?post=17968"}],"curies":[{"name":"wp","href":"https:\/\/api.w.org\/{rel}","templated":true}]}}