{"id":17951,"date":"2020-01-04T00:39:54","date_gmt":"2020-01-03T23:39:54","guid":{"rendered":"https:\/\/www.pasovi-verona.si\/?post_type=product&#038;p=17951"},"modified":"2024-05-07T12:26:42","modified_gmt":"2024-05-07T10:26:42","slug":"western-pas-rm16","status":"publish","type":"product","link":"https:\/\/www.pasovi-verona.si\/en\/izdelek\/western-pas-rm16\/","title":{"rendered":"Western pas RM16"},"content":{"rendered":"<p>Pasovi so izdelani v Sloveniji.<\/p>\n<p>\u010cudovit\u00a0western pas usnjeni pasovi so pomemben modni dodatek vsakega mo\u0161kega ali \u017eenske.<\/p>\n<p>Western pasu ne morete nositi samo za western jahanje in ples na liniji, ampak tudi za prosti \u010das.<\/p>\n<p>Za razliko od drugih materialov, so usnjeni pasovi kompakni in vzdr\u017eljivi, zaradi preverjene kvalitete materiala ne pokajo.<\/p>\n<p>Pas je narejen iz enovitega kosa usnja, je brez umetnih dodatkov.<\/p>\n<p>Western pasovi se merijo od konca traku na strani zaponke do sredi\u0161\u010da srednje luknje.<\/p>\n<p>Pas vam izdelamo na mero.<\/p>\n<p>Za kraj\u0161anje doma potrebujete \u0161karje, luknja\u010d ter izvija\u010d.<\/p>\n<p><span style=\"text-decoration: underline;background-color: #ffffff;color: #ff0000;font-size: 24px\"><strong>Cena je brez zaponke!!!!!<\/strong><\/span><\/p>\n<p><strong><a href=\"\/?product_cat=western-buckles\">Klikni tukaj za izbiro zaponke<\/a><br \/>\n<a href=\"https:\/\/www.pasovi-verona.si\/kako-pomerimo-pas\/\">Klikni tukaj da vidi\u0161 kako izmeriti pas<\/a><\/strong><\/p>\n<p><b>Lastnosti:<\/b><\/p>\n<ul>\n<li>Razli\u010dne dol\u017eine in barve<\/li>\n<li>Enovit kos govejega usnja<\/li>\n<li>Kvalitetna kovinska sponka sodobno elegantnega videza<\/li>\n<li><span style=\"vertical-align: inherit\"><span style=\"vertical-align: inherit\">\u0160irina: <\/span><\/span><strong><span style=\"vertical-align: inherit\"><span style=\"vertical-align: inherit\">\u00a03,8 cm<\/span><\/span><\/strong><\/li>\n<\/ul>\n","protected":false},"excerpt":{"rendered":"<p>Pasovi so izdelani v Sloveniji. \u010cudovit\u00a0western pas usnjeni pasovi so pomemben modni dodatek vsakega mo\u0161kega ali \u017eenske. Western pasu ne morete nositi samo za western&#8230;<\/p>\n","protected":false},"featured_media":17939,"comment_status":"open","ping_status":"closed","template":"","meta":{"_seopress_robots_primary_cat":"none","_seopress_titles_title":"","_seopress_titles_desc":"","_seopress_robots_index":""},"etheme_brands":[],"product_brand":[],"product_cat":[545],"product_tag":[],"class_list":{"0":"post-17951","1":"product","2":"type-product","3":"status-publish","4":"has-post-thumbnail","6":"product_cat-razlicni-motivi","8":"first","9":"instock","10":"shipping-taxable","11":"purchasable","12":"product-type-variable"},"_links":{"self":[{"href":"https:\/\/www.pasovi-verona.si\/en\/wp-json\/wp\/v2\/product\/17951","targetHints":{"allow":["GET"]}}],"collection":[{"href":"https:\/\/www.pasovi-verona.si\/en\/wp-json\/wp\/v2\/product"}],"about":[{"href":"https:\/\/www.pasovi-verona.si\/en\/wp-json\/wp\/v2\/types\/product"}],"replies":[{"embeddable":true,"href":"https:\/\/www.pasovi-verona.si\/en\/wp-json\/wp\/v2\/comments?post=17951"}],"wp:featuredmedia":[{"embeddable":true,"href":"https:\/\/www.pasovi-verona.si\/en\/wp-json\/wp\/v2\/media\/17939"}],"wp:attachment":[{"href":"https:\/\/www.pasovi-verona.si\/en\/wp-json\/wp\/v2\/media?parent=17951"}],"wp:term":[{"taxonomy":"brand","embeddable":true,"href":"https:\/\/www.pasovi-verona.si\/en\/wp-json\/wp\/v2\/etheme_brands?post=17951"},{"taxonomy":"product_brand","embeddable":true,"href":"https:\/\/www.pasovi-verona.si\/en\/wp-json\/wp\/v2\/product_brand?post=17951"},{"taxonomy":"product_cat","embeddable":true,"href":"https:\/\/www.pasovi-verona.si\/en\/wp-json\/wp\/v2\/product_cat?post=17951"},{"taxonomy":"product_tag","embeddable":true,"href":"https:\/\/www.pasovi-verona.si\/en\/wp-json\/wp\/v2\/product_tag?post=17951"}],"curies":[{"name":"wp","href":"https:\/\/api.w.org\/{rel}","templated":true}]}}