{"id":17477,"date":"2019-05-23T19:13:43","date_gmt":"2019-05-23T17:13:43","guid":{"rendered":"https:\/\/www.pasovi-verona.si\/?post_type=product&#038;p=17477"},"modified":"2026-02-23T18:48:08","modified_gmt":"2026-02-23T17:48:08","slug":"usnjen-western-pas-k22-2","status":"publish","type":"product","link":"https:\/\/www.pasovi-verona.si\/en\/izdelek\/usnjen-western-pas-k22-2\/","title":{"rendered":"Western pas K22"},"content":{"rendered":"<p>Pasovi so izdelani v Sloveniji.<\/p>\n<p>\u010cudovit\u00a0<b>western pas<\/b> iz pravega usnja.<\/p>\n<p>Western pasu ne morete nositi samo za western jahanje in ples na liniji, ampak tudi za prosti \u010das.<\/p>\n<p>Primeren je za \u017eenske, mo\u0161ke in otroke.<\/p>\n<p><strong>Western pasovi se merijo od konca traku na strani zaponke do sredi\u0161\u010da srednje luknje.\u00a0<\/strong><\/p>\n<p>Pas vam izdelamo na mero. V opombe le vpi\u0161ite \u017eeleno dol\u017eino pasu.<\/p>\n<p>Za kraj\u0161anje doma potrebujete \u0161karje, luknja\u010d ter izvija\u010d.<\/p>\n<h2><span style=\"color: #ff0000\"><strong>Cena je brez zaponke!!!!!<\/strong><\/span><\/h2>\n<p><strong><a href=\"https:\/\/www.pasovi-verona.si\/kategorija-izdelka\/western-buckles\/\">Klikni tukaj za izbiro zaponke<\/a><br \/>\n<a href=\"https:\/\/www.pasovi-verona.si\/kako-pomerimo-pas\/\">Klikni tukaj da vidi\u0161 kako izmeriti pas<\/a><\/strong><\/p>\n","protected":false},"excerpt":{"rendered":"<p>Pasovi so izdelani v Sloveniji. \u010cudovit\u00a0western pas iz pravega usnja. Western pasu ne morete nositi samo za western jahanje in ples na liniji, ampak tudi&#8230;<\/p>\n","protected":false},"featured_media":17839,"comment_status":"open","ping_status":"closed","template":"","meta":{"_seopress_robots_primary_cat":"none","_seopress_titles_title":"","_seopress_titles_desc":"","_seopress_robots_index":""},"etheme_brands":[],"product_brand":[],"product_cat":[546,537],"product_tag":[],"class_list":{"0":"post-17477","1":"product","2":"type-product","3":"status-publish","4":"has-post-thumbnail","6":"product_cat-western-pasovi","7":"product_cat-z-motivom-konja","9":"first","10":"instock","11":"shipping-taxable","12":"purchasable","13":"product-type-variable"},"_links":{"self":[{"href":"https:\/\/www.pasovi-verona.si\/en\/wp-json\/wp\/v2\/product\/17477","targetHints":{"allow":["GET"]}}],"collection":[{"href":"https:\/\/www.pasovi-verona.si\/en\/wp-json\/wp\/v2\/product"}],"about":[{"href":"https:\/\/www.pasovi-verona.si\/en\/wp-json\/wp\/v2\/types\/product"}],"replies":[{"embeddable":true,"href":"https:\/\/www.pasovi-verona.si\/en\/wp-json\/wp\/v2\/comments?post=17477"}],"wp:featuredmedia":[{"embeddable":true,"href":"https:\/\/www.pasovi-verona.si\/en\/wp-json\/wp\/v2\/media\/17839"}],"wp:attachment":[{"href":"https:\/\/www.pasovi-verona.si\/en\/wp-json\/wp\/v2\/media?parent=17477"}],"wp:term":[{"taxonomy":"brand","embeddable":true,"href":"https:\/\/www.pasovi-verona.si\/en\/wp-json\/wp\/v2\/etheme_brands?post=17477"},{"taxonomy":"product_brand","embeddable":true,"href":"https:\/\/www.pasovi-verona.si\/en\/wp-json\/wp\/v2\/product_brand?post=17477"},{"taxonomy":"product_cat","embeddable":true,"href":"https:\/\/www.pasovi-verona.si\/en\/wp-json\/wp\/v2\/product_cat?post=17477"},{"taxonomy":"product_tag","embeddable":true,"href":"https:\/\/www.pasovi-verona.si\/en\/wp-json\/wp\/v2\/product_tag?post=17477"}],"curies":[{"name":"wp","href":"https:\/\/api.w.org\/{rel}","templated":true}]}}