{"id":17054,"date":"2018-08-22T22:04:31","date_gmt":"2018-08-22T20:04:31","guid":{"rendered":"https:\/\/www.pasovi-verona.si\/?post_type=product&#038;p=17054"},"modified":"2025-12-15T18:43:19","modified_gmt":"2025-12-15T17:43:19","slug":"pas-s-motivom-cebele-a2","status":"publish","type":"product","link":"https:\/\/www.pasovi-verona.si\/en\/izdelek\/pas-s-motivom-cebele-a2\/","title":{"rendered":"Usnjeni pas s motivom \u010debele"},"content":{"rendered":"<p><b>Mo\u0161ki usnjeni pasovi so pomemben modni dodatek vsakega mo\u0161kega. <\/b><\/p>\n<p><b>Za razliko od drugih materialov, so usnjeni pasovi kompakni in vzdr\u017eljivi, zaradi preverjene kvalitete materiala ne pokajo.<\/b><\/p>\n<p><strong>Pas je narejen iz enovitega kosa usnja, je brez umetnih dodatkov.<\/strong><\/p>\n<p><b>Lastnosti:<\/b><\/p>\n<ul>\n<li>Razli\u010dne dol\u017eine in barve<\/li>\n<li>Enovit kos govejega usnja<\/li>\n<li>Kvalitetna kovinska sponka sodobno elegantnega videza<\/li>\n<li>\u0160irina: \u00a0\u00a0<strong>3,5cm in 3,8cm<\/strong><\/li>\n<\/ul>\n","protected":false},"excerpt":{"rendered":"<p>Mo\u0161ki usnjeni pasovi so pomemben modni dodatek vsakega mo\u0161kega. Za razliko od drugih materialov, so usnjeni pasovi kompakni in vzdr\u017eljivi, zaradi preverjene kvalitete materiala ne&#8230;<\/p>\n","protected":false},"featured_media":17043,"comment_status":"open","ping_status":"closed","template":"","meta":{"_seopress_robots_primary_cat":"none","_seopress_titles_title":"","_seopress_titles_desc":"","_seopress_robots_index":""},"etheme_brands":[],"product_brand":[],"product_cat":[199],"product_tag":[],"class_list":{"0":"post-17054","1":"product","2":"type-product","3":"status-publish","4":"has-post-thumbnail","6":"product_cat-belts","8":"first","9":"instock","10":"shipping-taxable","11":"product-type-variable"},"_links":{"self":[{"href":"https:\/\/www.pasovi-verona.si\/en\/wp-json\/wp\/v2\/product\/17054","targetHints":{"allow":["GET"]}}],"collection":[{"href":"https:\/\/www.pasovi-verona.si\/en\/wp-json\/wp\/v2\/product"}],"about":[{"href":"https:\/\/www.pasovi-verona.si\/en\/wp-json\/wp\/v2\/types\/product"}],"replies":[{"embeddable":true,"href":"https:\/\/www.pasovi-verona.si\/en\/wp-json\/wp\/v2\/comments?post=17054"}],"wp:featuredmedia":[{"embeddable":true,"href":"https:\/\/www.pasovi-verona.si\/en\/wp-json\/wp\/v2\/media\/17043"}],"wp:attachment":[{"href":"https:\/\/www.pasovi-verona.si\/en\/wp-json\/wp\/v2\/media?parent=17054"}],"wp:term":[{"taxonomy":"brand","embeddable":true,"href":"https:\/\/www.pasovi-verona.si\/en\/wp-json\/wp\/v2\/etheme_brands?post=17054"},{"taxonomy":"product_brand","embeddable":true,"href":"https:\/\/www.pasovi-verona.si\/en\/wp-json\/wp\/v2\/product_brand?post=17054"},{"taxonomy":"product_cat","embeddable":true,"href":"https:\/\/www.pasovi-verona.si\/en\/wp-json\/wp\/v2\/product_cat?post=17054"},{"taxonomy":"product_tag","embeddable":true,"href":"https:\/\/www.pasovi-verona.si\/en\/wp-json\/wp\/v2\/product_tag?post=17054"}],"curies":[{"name":"wp","href":"https:\/\/api.w.org\/{rel}","templated":true}]}}