{"id":17036,"date":"2018-07-25T21:08:53","date_gmt":"2018-07-25T19:08:53","guid":{"rendered":"https:\/\/www.pasovi-verona.si\/?post_type=product&#038;p=17036"},"modified":"2024-08-11T14:26:53","modified_gmt":"2024-08-11T12:26:53","slug":"western-zaponka-b57-2","status":"publish","type":"product","link":"https:\/\/www.pasovi-verona.si\/en\/izdelek\/western-zaponka-b57-2\/","title":{"rendered":"Western zaponka B57"},"content":{"rendered":"<p>Zaponka na pasu je majhen, a pomemben del vsake kavbojske ali kavbojske obleke.<\/p>\n<div class=\"JlqpRe\"><strong><span class=\"JCzEY tNxQIb\"><span class=\"CSkcDe\">Kak\u0161en je izvor kavbojskih zaponk?<\/span><\/span><\/strong><\/div>\n<div class=\"p8Jhnd\">\n<div class=\"aj35ze\">Zahodnja\u0161ka zaponka za pas je vtkana v ameri\u0161ko zgodovino in tradicijo. Western zaponke za pasove so bile prvotno zasnovane kot\u00a0<b>funkcionalna in prakti\u010dna delovna oprema<\/b>\u00a0. Pridni kavboji so imeli svoje orodje in druge vsakodnevne potreb\u0161\u010dine pritrjene na pasove. Uporabljali so jih tudi kot nagrade in trofeje za kavbojske dogodke in rodee.<\/div>\n<\/div>\n<div><\/div>\n<div><strong>Kaj simbolizira zaponka na pasu?<\/strong><\/div>\n<div>Nakit z zaponkami je postal zelo priljubljen v 19. stoletju, v viktorijanski dobi. Pas\/zaponka predstavlja\u00a0<b>ve\u010dnost, zvestobo\/zvestobo, mo\u010d in za\u0161\u010dito<\/b>\u00a0.<\/div>\n<p><strong>Zakaj imajo kavboji radi zaponke za pasove?<\/strong><\/p>\n<p>Pasovi z zaponko so bili vedno uporabljeni kot vizitke za kavboje. Vedno so jih uporabljali\u00a0<b>za izra\u017eanje ve\u010d idej in kot na\u010din sporo\u010danja misli in mnenj kavboja<\/b>\u00a0. Zaponke za pasove so bile enostavno prilagodljive in imele so dovolj prostora, da so lahko podpirale zapletene prilagodljive modele.<\/p>\n<p><strong>Ali lahko s katerim koli pasom nosite zaponko?<\/strong><\/p>\n<p>Zaponke za pas so razli\u010dnih velikosti in oblik. Vsi se ne prilegajo nobenemu pasu. Zato pri nakupu zaponke za pas izberite tak\u0161no, ki zlahka pripomore k va\u0161emu pasu.\u00a0<b>Vseh zaponk<\/b>\u00a0seveda ni mogo\u010de namestiti na noben pas\u00a0.<\/p>\n","protected":false},"excerpt":{"rendered":"<p>Zaponka na pasu je majhen, a pomemben del vsake kavbojske ali kavbojske obleke. Kak\u0161en je izvor kavbojskih zaponk? Zahodnja\u0161ka zaponka za pas je vtkana v&#8230;<\/p>\n","protected":false},"featured_media":19580,"comment_status":"open","ping_status":"closed","template":"","meta":{"_seopress_robots_primary_cat":"none","_seopress_titles_title":"","_seopress_titles_desc":"","_seopress_robots_index":""},"etheme_brands":[],"product_brand":[],"product_cat":[210],"product_tag":[],"class_list":{"0":"post-17036","1":"product","2":"type-product","3":"status-publish","4":"has-post-thumbnail","6":"product_cat-western-buckles","8":"first","9":"instock","10":"shipping-taxable","11":"purchasable","12":"product-type-simple"},"_links":{"self":[{"href":"https:\/\/www.pasovi-verona.si\/en\/wp-json\/wp\/v2\/product\/17036","targetHints":{"allow":["GET"]}}],"collection":[{"href":"https:\/\/www.pasovi-verona.si\/en\/wp-json\/wp\/v2\/product"}],"about":[{"href":"https:\/\/www.pasovi-verona.si\/en\/wp-json\/wp\/v2\/types\/product"}],"replies":[{"embeddable":true,"href":"https:\/\/www.pasovi-verona.si\/en\/wp-json\/wp\/v2\/comments?post=17036"}],"wp:featuredmedia":[{"embeddable":true,"href":"https:\/\/www.pasovi-verona.si\/en\/wp-json\/wp\/v2\/media\/19580"}],"wp:attachment":[{"href":"https:\/\/www.pasovi-verona.si\/en\/wp-json\/wp\/v2\/media?parent=17036"}],"wp:term":[{"taxonomy":"brand","embeddable":true,"href":"https:\/\/www.pasovi-verona.si\/en\/wp-json\/wp\/v2\/etheme_brands?post=17036"},{"taxonomy":"product_brand","embeddable":true,"href":"https:\/\/www.pasovi-verona.si\/en\/wp-json\/wp\/v2\/product_brand?post=17036"},{"taxonomy":"product_cat","embeddable":true,"href":"https:\/\/www.pasovi-verona.si\/en\/wp-json\/wp\/v2\/product_cat?post=17036"},{"taxonomy":"product_tag","embeddable":true,"href":"https:\/\/www.pasovi-verona.si\/en\/wp-json\/wp\/v2\/product_tag?post=17036"}],"curies":[{"name":"wp","href":"https:\/\/api.w.org\/{rel}","templated":true}]}}